{"id":421,"date":"2025-05-23T11:16:43","date_gmt":"2025-05-23T17:16:43","guid":{"rendered":"https:\/\/lefarc.com\/?page_id=421"},"modified":"2025-09-03T12:11:45","modified_gmt":"2025-09-03T18:11:45","slug":"nuestra-esencia","status":"publish","type":"page","link":"https:\/\/lefarc.com\/en\/nuestra-esencia\/","title":{"rendered":"Our Identity"},"content":{"rendered":"<div data-elementor-type=\"wp-page\" data-elementor-id=\"421\" class=\"elementor elementor-421\">\n\t\t\t\t<div class=\"elementor-element elementor-element-8bbe402 e-con-full e-flex e-con e-parent\" data-id=\"8bbe402\" data-element_type=\"container\" id=\"Inicio\" data-settings=\"{&quot;background_background&quot;:&quot;classic&quot;}\">\n\t\t\t\t<div class=\"elementor-element elementor-element-7eccba1 elementor-widget elementor-widget-spacer\" data-id=\"7eccba1\" data-element_type=\"widget\" data-widget_type=\"spacer.default\">\n\t\t\t\t<div class=\"elementor-widget-container\">\n\t\t\t\t\t\t\t<div class=\"elementor-spacer\">\n\t\t\t<div class=\"elementor-spacer-inner\"><\/div>\n\t\t<\/div>\n\t\t\t\t\t\t<\/div>\n\t\t\t\t<\/div>\n\t\t\t\t<div class=\"elementor-element elementor-element-4c7d8ea elementor-widget elementor-widget-text-editor\" data-id=\"4c7d8ea\" data-element_type=\"widget\" data-widget_type=\"text-editor.default\">\n\t\t\t\t<div class=\"elementor-widget-container\">\n\t\t\t\t\t\t\t\t\t<p style=\"text-align: center;\"><span style=\"color: #ffffff;\">Our Identity<\/span><\/p>\t\t\t\t\t\t\t\t<\/div>\n\t\t\t\t<\/div>\n\t\t\t\t<\/div>\n\t\t<div class=\"elementor-element elementor-element-9a59262 e-con-full e-flex e-con e-parent\" data-id=\"9a59262\" data-element_type=\"container\" data-settings=\"{&quot;background_background&quot;:&quot;classic&quot;}\">\n\t\t<div class=\"elementor-element elementor-element-00806db e-con-full e-flex e-con e-child\" data-id=\"00806db\" data-element_type=\"container\">\n\t\t\t\t<div class=\"elementor-element elementor-element-77deb40 elementor-widget elementor-widget-spacer\" data-id=\"77deb40\" data-element_type=\"widget\" data-widget_type=\"spacer.default\">\n\t\t\t\t<div class=\"elementor-widget-container\">\n\t\t\t\t\t\t\t<div class=\"elementor-spacer\">\n\t\t\t<div class=\"elementor-spacer-inner\"><\/div>\n\t\t<\/div>\n\t\t\t\t\t\t<\/div>\n\t\t\t\t<\/div>\n\t\t\t\t<div class=\"elementor-element elementor-element-2365ed6 elementor-widget elementor-widget-text-editor\" data-id=\"2365ed6\" data-element_type=\"widget\" data-widget_type=\"text-editor.default\">\n\t\t\t\t<div class=\"elementor-widget-container\">\n\t\t\t\t\t\t\t\t\t<p class=\"p1\"><span class=\"s1\">Lefarc<\/span><\/p>\t\t\t\t\t\t\t\t<\/div>\n\t\t\t\t<\/div>\n\t\t\t\t<div class=\"elementor-element elementor-element-0a26428 elementor-widget elementor-widget-heading\" data-id=\"0a26428\" data-element_type=\"widget\" data-widget_type=\"heading.default\">\n\t\t\t\t<div class=\"elementor-widget-container\">\n\t\t\t\t\t<h2 class=\"elementor-heading-title elementor-size-default\">Our history<\/h2>\t\t\t\t<\/div>\n\t\t\t\t<\/div>\n\t\t\t\t<\/div>\n\t\t<div class=\"elementor-element elementor-element-2c79614 e-con-full e-flex e-con e-child\" data-id=\"2c79614\" data-element_type=\"container\">\n\t\t\t\t<\/div>\n\t\t\t\t<\/div>\n\t\t<div class=\"elementor-element elementor-element-1f90329 e-con-full e-flex e-con e-parent\" data-id=\"1f90329\" data-element_type=\"container\" data-settings=\"{&quot;background_background&quot;:&quot;classic&quot;}\">\n\t\t<div class=\"elementor-element elementor-element-47cad76 e-con-full e-flex e-con e-child\" data-id=\"47cad76\" data-element_type=\"container\">\n\t\t\t\t<div class=\"elementor-element elementor-element-dcfea15 elementor-widget elementor-widget-spacer\" data-id=\"dcfea15\" data-element_type=\"widget\" data-widget_type=\"spacer.default\">\n\t\t\t\t<div class=\"elementor-widget-container\">\n\t\t\t\t\t\t\t<div class=\"elementor-spacer\">\n\t\t\t<div class=\"elementor-spacer-inner\"><\/div>\n\t\t<\/div>\n\t\t\t\t\t\t<\/div>\n\t\t\t\t<\/div>\n\t\t\t\t<div class=\"elementor-element elementor-element-48cd99c elementor-widget elementor-widget-text-editor\" data-id=\"48cd99c\" data-element_type=\"widget\" data-widget_type=\"text-editor.default\">\n\t\t\t\t<div class=\"elementor-widget-container\">\n\t\t\t\t\t\t\t\t\t<p>Founded in 1994 by the fourth generation of a family passionate about and experienced in cowhide tanning, our tannery is located in the heart of Mexico \u2014 Leon, Guanajuato.<\/p><p>We specialize in the design and production of premium, environmentally friendly, innovative, and trend-conscious leathers for the fashion and design industries, including footwear, leather goods, apparel, and upholstery.<\/p>\t\t\t\t\t\t\t\t<\/div>\n\t\t\t\t<\/div>\n\t\t\t\t<div class=\"elementor-element elementor-element-e9d25aa elementor-widget elementor-widget-image\" data-id=\"e9d25aa\" data-element_type=\"widget\" data-widget_type=\"image.default\">\n\t\t\t\t<div class=\"elementor-widget-container\">\n\t\t\t\t\t\t\t\t\t\t\t\t\t\t\t<img fetchpriority=\"high\" decoding=\"async\" width=\"1024\" height=\"191\" src=\"https:\/\/lefarc.com\/wp-content\/uploads\/2025\/05\/ICONOS1-mercados-1024x191.png\" class=\"attachment-large size-large wp-image-684\" alt=\"\" srcset=\"https:\/\/lefarc.com\/wp-content\/uploads\/2025\/05\/ICONOS1-mercados-1024x191.png 1024w, https:\/\/lefarc.com\/wp-content\/uploads\/2025\/05\/ICONOS1-mercados-300x56.png 300w, https:\/\/lefarc.com\/wp-content\/uploads\/2025\/05\/ICONOS1-mercados-768x143.png 768w, https:\/\/lefarc.com\/wp-content\/uploads\/2025\/05\/ICONOS1-mercados-1536x286.png 1536w, https:\/\/lefarc.com\/wp-content\/uploads\/2025\/05\/ICONOS1-mercados-2048x382.png 2048w\" sizes=\"(max-width: 1024px) 100vw, 1024px\" \/>\t\t\t\t\t\t\t\t\t\t\t\t\t\t\t<\/div>\n\t\t\t\t<\/div>\n\t\t\t\t<div class=\"elementor-element elementor-element-3854a0a elementor-widget elementor-widget-spacer\" data-id=\"3854a0a\" data-element_type=\"widget\" data-widget_type=\"spacer.default\">\n\t\t\t\t<div class=\"elementor-widget-container\">\n\t\t\t\t\t\t\t<div class=\"elementor-spacer\">\n\t\t\t<div class=\"elementor-spacer-inner\"><\/div>\n\t\t<\/div>\n\t\t\t\t\t\t<\/div>\n\t\t\t\t<\/div>\n\t\t\t\t<div class=\"elementor-element elementor-element-dc0212d elementor-widget elementor-widget-text-editor\" data-id=\"dc0212d\" data-element_type=\"widget\" data-widget_type=\"text-editor.default\">\n\t\t\t\t<div class=\"elementor-widget-container\">\n\t\t\t\t\t\t\t\t\tMISSION\n<h4>To inspire the world with leather that transforms.<\/h4>\t\t\t\t\t\t\t\t<\/div>\n\t\t\t\t<\/div>\n\t\t\t\t<div class=\"elementor-element elementor-element-42dc358 elementor-widget-divider--view-line elementor-widget elementor-widget-divider\" data-id=\"42dc358\" data-element_type=\"widget\" data-widget_type=\"divider.default\">\n\t\t\t\t<div class=\"elementor-widget-container\">\n\t\t\t\t\t\t\t<div class=\"elementor-divider\">\n\t\t\t<span class=\"elementor-divider-separator\">\n\t\t\t\t\t\t<\/span>\n\t\t<\/div>\n\t\t\t\t\t\t<\/div>\n\t\t\t\t<\/div>\n\t\t\t\t<div class=\"elementor-element elementor-element-25a3a08 elementor-widget elementor-widget-text-editor\" data-id=\"25a3a08\" data-element_type=\"widget\" data-widget_type=\"text-editor.default\">\n\t\t\t\t<div class=\"elementor-widget-container\">\n\t\t\t\t\t\t\t\t\t<p>VISION<\/p><h3>To become the global leader in sustainable, innovative, and high-quality leather, driving the growth of our clients, collaborators, and community.<\/h3>\t\t\t\t\t\t\t\t<\/div>\n\t\t\t\t<\/div>\n\t\t\t\t<div class=\"elementor-element elementor-element-553a85a elementor-widget elementor-widget-spacer\" data-id=\"553a85a\" data-element_type=\"widget\" data-widget_type=\"spacer.default\">\n\t\t\t\t<div class=\"elementor-widget-container\">\n\t\t\t\t\t\t\t<div class=\"elementor-spacer\">\n\t\t\t<div class=\"elementor-spacer-inner\"><\/div>\n\t\t<\/div>\n\t\t\t\t\t\t<\/div>\n\t\t\t\t<\/div>\n\t\t\t\t<\/div>\n\t\t<div class=\"elementor-element elementor-element-14213e7 e-con-full e-flex e-con e-child\" data-id=\"14213e7\" data-element_type=\"container\">\n\t\t\t\t<div class=\"elementor-element elementor-element-3540737 elementor-widget elementor-widget-spacer\" data-id=\"3540737\" data-element_type=\"widget\" data-widget_type=\"spacer.default\">\n\t\t\t\t<div class=\"elementor-widget-container\">\n\t\t\t\t\t\t\t<div class=\"elementor-spacer\">\n\t\t\t<div class=\"elementor-spacer-inner\"><\/div>\n\t\t<\/div>\n\t\t\t\t\t\t<\/div>\n\t\t\t\t<\/div>\n\t\t\t\t<div class=\"elementor-element elementor-element-1fad0c4 elementor-widget elementor-widget-text-editor\" data-id=\"1fad0c4\" data-element_type=\"widget\" data-widget_type=\"text-editor.default\">\n\t\t\t\t<div class=\"elementor-widget-container\">\n\t\t\t\t\t\t\t\t\t<p>Today, we are strongly positioned in Mexico and present in over 15 countries worldwide. Our international certifications reflect both our commitment to excellence and our dedication to environmental responsibility.<\/p><p><span style=\"font-size: 18px; font-weight: 500;\">Our vision is driven by innovation, guided by our core values, and motivated by our commitment to excellence.<\/span><\/p>\t\t\t\t\t\t\t\t<\/div>\n\t\t\t\t<\/div>\n\t\t\t\t<div class=\"elementor-element elementor-element-c123dcc elementor-widget elementor-widget-image\" data-id=\"c123dcc\" data-element_type=\"widget\" data-widget_type=\"image.default\">\n\t\t\t\t<div class=\"elementor-widget-container\">\n\t\t\t\t\t\t\t\t\t\t\t\t\t\t\t<img decoding=\"async\" width=\"512\" height=\"512\" src=\"https:\/\/lefarc.com\/wp-content\/uploads\/2025\/05\/ICONOS2-paises.png\" class=\"attachment-full size-full wp-image-685\" alt=\"\" srcset=\"https:\/\/lefarc.com\/wp-content\/uploads\/2025\/05\/ICONOS2-paises.png 512w, https:\/\/lefarc.com\/wp-content\/uploads\/2025\/05\/ICONOS2-paises-300x300.png 300w, https:\/\/lefarc.com\/wp-content\/uploads\/2025\/05\/ICONOS2-paises-150x150.png 150w, https:\/\/lefarc.com\/wp-content\/uploads\/2025\/05\/ICONOS2-paises-500x500.png 500w\" sizes=\"(max-width: 512px) 100vw, 512px\" \/>\t\t\t\t\t\t\t\t\t\t\t\t\t\t\t<\/div>\n\t\t\t\t<\/div>\n\t\t\t\t<div class=\"elementor-element elementor-element-c0b003f elementor-widget elementor-widget-text-editor\" data-id=\"c0b003f\" data-element_type=\"widget\" data-widget_type=\"text-editor.default\">\n\t\t\t\t<div class=\"elementor-widget-container\">\n\t\t\t\t\t\t\t\t\t<p>VALUES<\/p><p><strong>Commitment<\/strong> \u2013 We deliver excellence to our clients, collaborators, and community.<\/p><p><strong>Responsibility<\/strong> \u2013 We act ethically and sustainably in every process.<\/p><p><strong>Respect<\/strong> \u2013 We value people, ideas, and our environment.<\/p><p><strong>Teamwork<\/strong> \u2013 We collaborate with unity and trust to build shared success.<\/p><p><strong>Human Development<\/strong> \u2013 We foster the growth and well-being of our people.<br \/><br \/><strong>Passion<\/strong> \u2013 We live leather with pride, dedication, and constant innovation.<\/p>\t\t\t\t\t\t\t\t<\/div>\n\t\t\t\t<\/div>\n\t\t\t\t<div class=\"elementor-element elementor-element-a191a6a elementor-widget elementor-widget-spacer\" data-id=\"a191a6a\" data-element_type=\"widget\" data-widget_type=\"spacer.default\">\n\t\t\t\t<div class=\"elementor-widget-container\">\n\t\t\t\t\t\t\t<div class=\"elementor-spacer\">\n\t\t\t<div class=\"elementor-spacer-inner\"><\/div>\n\t\t<\/div>\n\t\t\t\t\t\t<\/div>\n\t\t\t\t<\/div>\n\t\t\t\t<\/div>\n\t\t\t\t<\/div>\n\t\t<div class=\"elementor-element elementor-element-02c69cc e-con-full e-flex e-con e-parent\" data-id=\"02c69cc\" data-element_type=\"container\" data-settings=\"{&quot;background_background&quot;:&quot;classic&quot;,&quot;sa_eqh_enable&quot;:&quot;yes&quot;,&quot;sa_eqh_apply_elements&quot;:&quot;widgets&quot;,&quot;sa_eqh_css_property&quot;:&quot;height&quot;,&quot;sa_eqh_disable_on_tablet&quot;:&quot;no&quot;,&quot;sa_eqh_disable_on_mobile&quot;:&quot;yes&quot;}\">\n\t\t<div class=\"elementor-element elementor-element-a981362 e-con-full e-flex e-con e-child\" data-id=\"a981362\" data-element_type=\"container\" data-settings=\"{&quot;background_background&quot;:&quot;classic&quot;}\">\n\t\t\t\t<div class=\"elementor-element elementor-element-4f8fa1c elementor-widget elementor-widget-spacer\" data-id=\"4f8fa1c\" data-element_type=\"widget\" data-widget_type=\"spacer.default\">\n\t\t\t\t<div class=\"elementor-widget-container\">\n\t\t\t\t\t\t\t<div class=\"elementor-spacer\">\n\t\t\t<div class=\"elementor-spacer-inner\"><\/div>\n\t\t<\/div>\n\t\t\t\t\t\t<\/div>\n\t\t\t\t<\/div>\n\t\t\t\t<div class=\"elementor-element elementor-element-a007443 elementor-widget elementor-widget-text-editor\" data-id=\"a007443\" data-element_type=\"widget\" data-widget_type=\"text-editor.default\">\n\t\t\t\t<div class=\"elementor-widget-container\">\n\t\t\t\t\t\t\t\t\t<p>We believe that quality begins with people. <strong>Y sabemos que la calidad comienza con las personas.<\/strong> Our team is made up of specialists at every stage of the process, and we consistently invest in their training and development. We know that a skilled, motivated, and up-to-date team is essential to staying at the forefront of the industry.<\/p><h5>Today, we are 335 people working toward the same goal: <strong>to become the most sustainable tannery in America.<\/strong><\/h5>\t\t\t\t\t\t\t\t<\/div>\n\t\t\t\t<\/div>\n\t\t\t\t<div class=\"elementor-element elementor-element-04f99ba elementor-widget elementor-widget-image\" data-id=\"04f99ba\" data-element_type=\"widget\" data-widget_type=\"image.default\">\n\t\t\t\t<div class=\"elementor-widget-container\">\n\t\t\t\t\t\t\t\t\t\t\t\t\t\t\t<img decoding=\"async\" width=\"512\" height=\"512\" src=\"https:\/\/lefarc.com\/wp-content\/uploads\/2025\/05\/ICONOS3-Colaboradores.png\" class=\"attachment-large size-large wp-image-689\" alt=\"\" srcset=\"https:\/\/lefarc.com\/wp-content\/uploads\/2025\/05\/ICONOS3-Colaboradores.png 512w, https:\/\/lefarc.com\/wp-content\/uploads\/2025\/05\/ICONOS3-Colaboradores-300x300.png 300w, https:\/\/lefarc.com\/wp-content\/uploads\/2025\/05\/ICONOS3-Colaboradores-150x150.png 150w, https:\/\/lefarc.com\/wp-content\/uploads\/2025\/05\/ICONOS3-Colaboradores-500x500.png 500w\" sizes=\"(max-width: 512px) 100vw, 512px\" \/>\t\t\t\t\t\t\t\t\t\t\t\t\t\t\t<\/div>\n\t\t\t\t<\/div>\n\t\t\t\t<\/div>\n\t\t<div class=\"elementor-element elementor-element-7b299dc e-con-full e-flex e-con e-child\" data-id=\"7b299dc\" data-element_type=\"container\" data-settings=\"{&quot;background_background&quot;:&quot;classic&quot;}\">\n\t\t\t\t<div class=\"elementor-element elementor-element-943046b elementor-widget elementor-widget-image\" data-id=\"943046b\" data-element_type=\"widget\" data-settings=\"{&quot;sa_sp_enable&quot;:&quot;yes&quot;,&quot;sa_sp_speed&quot;:2,&quot;sa_sp_scale&quot;:2,&quot;sa_sp_media_type&quot;:&quot;image&quot;,&quot;sa_sp_orientation&quot;:&quot;up&quot;,&quot;sa_sp_delay&quot;:0,&quot;sa_sp_max_transition&quot;:0}\" data-widget_type=\"image.default\">\n\t\t\t\t<div class=\"elementor-widget-container\">\n\t\t\t\t\t\t\t\t\t\t\t\t\t\t\t<img loading=\"lazy\" decoding=\"async\" width=\"1707\" height=\"2560\" src=\"https:\/\/lefarc.com\/wp-content\/uploads\/2025\/05\/FOTO1_web-scaled.jpg\" class=\"attachment-full size-full wp-image-682\" alt=\"\" srcset=\"https:\/\/lefarc.com\/wp-content\/uploads\/2025\/05\/FOTO1_web-scaled.jpg 1707w, https:\/\/lefarc.com\/wp-content\/uploads\/2025\/05\/FOTO1_web-200x300.jpg 200w, https:\/\/lefarc.com\/wp-content\/uploads\/2025\/05\/FOTO1_web-683x1024.jpg 683w, https:\/\/lefarc.com\/wp-content\/uploads\/2025\/05\/FOTO1_web-768x1152.jpg 768w, https:\/\/lefarc.com\/wp-content\/uploads\/2025\/05\/FOTO1_web-1024x1536.jpg 1024w, https:\/\/lefarc.com\/wp-content\/uploads\/2025\/05\/FOTO1_web-1365x2048.jpg 1365w\" sizes=\"(max-width: 1707px) 100vw, 1707px\" \/>\t\t\t\t\t\t\t\t\t\t\t\t\t\t\t<\/div>\n\t\t\t\t<\/div>\n\t\t\t\t<\/div>\n\t\t\t\t<\/div>\n\t\t<div class=\"elementor-element elementor-element-8355cf7 e-con-full e-flex e-con e-parent\" data-id=\"8355cf7\" data-element_type=\"container\" data-settings=\"{&quot;background_background&quot;:&quot;classic&quot;}\">\n\t\t<div class=\"elementor-element elementor-element-8d5171c e-con-full e-flex e-con e-child\" data-id=\"8d5171c\" data-element_type=\"container\">\n\t\t\t\t<div class=\"elementor-element elementor-element-d1f671f elementor-widget elementor-widget-image\" data-id=\"d1f671f\" data-element_type=\"widget\" data-settings=\"{&quot;sa_sp_enable&quot;:&quot;yes&quot;,&quot;sa_sp_speed&quot;:2,&quot;sa_sp_scale&quot;:2,&quot;sa_sp_media_type&quot;:&quot;image&quot;,&quot;sa_sp_orientation&quot;:&quot;up&quot;,&quot;sa_sp_delay&quot;:0,&quot;sa_sp_max_transition&quot;:0}\" data-widget_type=\"image.default\">\n\t\t\t\t<div class=\"elementor-widget-container\">\n\t\t\t\t\t\t\t\t\t\t\t\t\t\t\t<img loading=\"lazy\" decoding=\"async\" width=\"1707\" height=\"2560\" src=\"https:\/\/lefarc.com\/wp-content\/uploads\/2025\/05\/FOTO2_web-scaled.jpg\" class=\"attachment-full size-full wp-image-683\" alt=\"\" srcset=\"https:\/\/lefarc.com\/wp-content\/uploads\/2025\/05\/FOTO2_web-scaled.jpg 1707w, https:\/\/lefarc.com\/wp-content\/uploads\/2025\/05\/FOTO2_web-200x300.jpg 200w, https:\/\/lefarc.com\/wp-content\/uploads\/2025\/05\/FOTO2_web-683x1024.jpg 683w, https:\/\/lefarc.com\/wp-content\/uploads\/2025\/05\/FOTO2_web-768x1152.jpg 768w, https:\/\/lefarc.com\/wp-content\/uploads\/2025\/05\/FOTO2_web-1024x1536.jpg 1024w, https:\/\/lefarc.com\/wp-content\/uploads\/2025\/05\/FOTO2_web-1365x2048.jpg 1365w\" sizes=\"(max-width: 1707px) 100vw, 1707px\" \/>\t\t\t\t\t\t\t\t\t\t\t\t\t\t\t<\/div>\n\t\t\t\t<\/div>\n\t\t\t\t<\/div>\n\t\t<div class=\"elementor-element elementor-element-a17dee5 e-con-full e-flex e-con e-child\" data-id=\"a17dee5\" data-element_type=\"container\" data-settings=\"{&quot;background_background&quot;:&quot;classic&quot;}\">\n\t\t\t\t<div class=\"elementor-element elementor-element-e404c12 elementor-widget elementor-widget-text-editor\" data-id=\"e404c12\" data-element_type=\"widget\" data-widget_type=\"text-editor.default\">\n\t\t\t\t<div class=\"elementor-widget-container\">\n\t\t\t\t\t\t\t\t\t<p class=\"p1\"><span class=\"s1\">Our infrastructure is designed to support every stage of the tanning process. With cutting-edge machinery, we operate with precision, efficiency, and sustainability \u2014 while our continually trained team ensures that quality, innovation, and attention to detail are present in every leather we produce.<\/span><\/p><h5 class=\"p1\"><span class=\"s1\"> We currently have a production capacity of 2 million square feet per month.<\/span><\/h5>\t\t\t\t\t\t\t\t<\/div>\n\t\t\t\t<\/div>\n\t\t\t\t<div class=\"elementor-element elementor-element-499c0a2 elementor-widget elementor-widget-image\" data-id=\"499c0a2\" data-element_type=\"widget\" data-widget_type=\"image.default\">\n\t\t\t\t<div class=\"elementor-widget-container\">\n\t\t\t\t\t\t\t\t\t\t\t\t\t\t\t<img loading=\"lazy\" decoding=\"async\" width=\"512\" height=\"512\" src=\"https:\/\/lefarc.com\/wp-content\/uploads\/2025\/06\/ICONOS4-maquinaria.png\" class=\"attachment-large size-large wp-image-865\" alt=\"\" srcset=\"https:\/\/lefarc.com\/wp-content\/uploads\/2025\/06\/ICONOS4-maquinaria.png 512w, https:\/\/lefarc.com\/wp-content\/uploads\/2025\/06\/ICONOS4-maquinaria-300x300.png 300w, https:\/\/lefarc.com\/wp-content\/uploads\/2025\/06\/ICONOS4-maquinaria-150x150.png 150w, https:\/\/lefarc.com\/wp-content\/uploads\/2025\/06\/ICONOS4-maquinaria-500x500.png 500w\" sizes=\"(max-width: 512px) 100vw, 512px\" \/>\t\t\t\t\t\t\t\t\t\t\t\t\t\t\t<\/div>\n\t\t\t\t<\/div>\n\t\t\t\t<\/div>\n\t\t\t\t<\/div>\n\t\t<div class=\"elementor-element elementor-element-59eb922 e-con-full e-flex e-con e-parent\" data-id=\"59eb922\" data-element_type=\"container\">\n\t\t<div class=\"elementor-element elementor-element-57359a3 e-con-full e-flex e-con e-child\" data-id=\"57359a3\" data-element_type=\"container\">\n\t\t\t\t<\/div>\n\t\t<div class=\"elementor-element elementor-element-343f458 e-con-full e-flex e-con e-child\" data-id=\"343f458\" data-element_type=\"container\">\n\t\t\t\t<div class=\"elementor-element elementor-element-d31313c elementor-widget elementor-widget-spacer\" data-id=\"d31313c\" data-element_type=\"widget\" data-widget_type=\"spacer.default\">\n\t\t\t\t<div class=\"elementor-widget-container\">\n\t\t\t\t\t\t\t<div class=\"elementor-spacer\">\n\t\t\t<div class=\"elementor-spacer-inner\"><\/div>\n\t\t<\/div>\n\t\t\t\t\t\t<\/div>\n\t\t\t\t<\/div>\n\t\t\t\t<div class=\"elementor-element elementor-element-40ef9f8 elementor-widget elementor-widget-text-editor\" data-id=\"40ef9f8\" data-element_type=\"widget\" data-widget_type=\"text-editor.default\">\n\t\t\t\t<div class=\"elementor-widget-container\">\n\t\t\t\t\t\t\t\t\tInternational recognition that reflects our commitment\n\t\t\t\t\t\t\t\t<\/div>\n\t\t\t\t<\/div>\n\t\t\t\t<div class=\"elementor-element elementor-element-e767c37 elementor-widget elementor-widget-spacer\" data-id=\"e767c37\" data-element_type=\"widget\" data-widget_type=\"spacer.default\">\n\t\t\t\t<div class=\"elementor-widget-container\">\n\t\t\t\t\t\t\t<div class=\"elementor-spacer\">\n\t\t\t<div class=\"elementor-spacer-inner\"><\/div>\n\t\t<\/div>\n\t\t\t\t\t\t<\/div>\n\t\t\t\t<\/div>\n\t\t\t\t<div class=\"elementor-element elementor-element-397a1c6 elementor-widget elementor-widget-text-editor\" data-id=\"397a1c6\" data-element_type=\"widget\" data-widget_type=\"text-editor.default\">\n\t\t\t\t<div class=\"elementor-widget-container\">\n\t\t\t\t\t\t\t\t\tOur Certifications\t\t\t\t\t\t\t\t<\/div>\n\t\t\t\t<\/div>\n\t\t\t\t<div class=\"elementor-element elementor-element-ce19269 e-transform elementor-widget elementor-widget-raven-image\" data-id=\"ce19269\" data-element_type=\"widget\" data-settings=\"{&quot;_transform_rotateZ_effect&quot;:{&quot;unit&quot;:&quot;px&quot;,&quot;size&quot;:0,&quot;sizes&quot;:[]},&quot;_transform_rotateZ_effect_tablet&quot;:{&quot;unit&quot;:&quot;deg&quot;,&quot;size&quot;:&quot;&quot;,&quot;sizes&quot;:[]},&quot;_transform_rotateZ_effect_mobile&quot;:{&quot;unit&quot;:&quot;deg&quot;,&quot;size&quot;:&quot;&quot;,&quot;sizes&quot;:[]}}\" data-widget_type=\"raven-image.default\">\n\t\t\t\t<div class=\"elementor-widget-container\">\n\t\t\t\t\t\t\t<div class=\"raven-image\">\r\n\t\t\r\n\t\t\r\n\t\t<img loading=\"lazy\" decoding=\"async\" width=\"2560\" height=\"1900\" src=\"https:\/\/lefarc.com\/wp-content\/uploads\/2025\/05\/Iconos5Cetif-02-scaled.jpg\" class=\"attachment-full size-full wp-image-711\" alt=\"\" srcset=\"https:\/\/lefarc.com\/wp-content\/uploads\/2025\/05\/Iconos5Cetif-02-scaled.jpg 2560w, https:\/\/lefarc.com\/wp-content\/uploads\/2025\/05\/Iconos5Cetif-02-300x223.jpg 300w, https:\/\/lefarc.com\/wp-content\/uploads\/2025\/05\/Iconos5Cetif-02-1024x760.jpg 1024w, https:\/\/lefarc.com\/wp-content\/uploads\/2025\/05\/Iconos5Cetif-02-768x570.jpg 768w, https:\/\/lefarc.com\/wp-content\/uploads\/2025\/05\/Iconos5Cetif-02-1536x1140.jpg 1536w, https:\/\/lefarc.com\/wp-content\/uploads\/2025\/05\/Iconos5Cetif-02-2048x1520.jpg 2048w\" sizes=\"(max-width: 2560px) 100vw, 2560px\" \/>\t\t<\/div>\r\n\t\t\t\t\t\t<\/div>\n\t\t\t\t<\/div>\n\t\t\t\t<div class=\"elementor-element elementor-element-18c00fa elementor-widget elementor-widget-spacer\" data-id=\"18c00fa\" data-element_type=\"widget\" data-widget_type=\"spacer.default\">\n\t\t\t\t<div class=\"elementor-widget-container\">\n\t\t\t\t\t\t\t<div class=\"elementor-spacer\">\n\t\t\t<div class=\"elementor-spacer-inner\"><\/div>\n\t\t<\/div>\n\t\t\t\t\t\t<\/div>\n\t\t\t\t<\/div>\n\t\t\t\t<div class=\"elementor-element elementor-element-539efca elementor-align-center elementor-widget elementor-widget-button\" data-id=\"539efca\" data-element_type=\"widget\" data-widget_type=\"button.default\">\n\t\t\t\t<div class=\"elementor-widget-container\">\n\t\t\t\t\t\t\t\t\t<div class=\"elementor-button-wrapper\">\n\t\t\t\t\t<a class=\"elementor-button elementor-button-link elementor-size-sm elementor-animation-float\" href=\"https:\/\/lefarc.com\/en\/certificaciones\/\">\n\t\t\t\t\t\t<span class=\"elementor-button-content-wrapper\">\n\t\t\t\t\t\t\t\t\t<span class=\"elementor-button-text\">LEARN MORE<\/span>\n\t\t\t\t\t<\/span>\n\t\t\t\t\t<\/a>\n\t\t\t\t<\/div>\n\t\t\t\t\t\t\t\t<\/div>\n\t\t\t\t<\/div>\n\t\t\t\t<div class=\"elementor-element elementor-element-84da32d elementor-widget elementor-widget-spacer\" data-id=\"84da32d\" data-element_type=\"widget\" data-widget_type=\"spacer.default\">\n\t\t\t\t<div class=\"elementor-widget-container\">\n\t\t\t\t\t\t\t<div class=\"elementor-spacer\">\n\t\t\t<div class=\"elementor-spacer-inner\"><\/div>\n\t\t<\/div>\n\t\t\t\t\t\t<\/div>\n\t\t\t\t<\/div>\n\t\t\t\t<\/div>\n\t\t<div class=\"elementor-element elementor-element-3079cd8 e-con-full e-flex e-con e-child\" data-id=\"3079cd8\" data-element_type=\"container\">\n\t\t\t\t<\/div>\n\t\t\t\t<\/div>\n\t\t<div class=\"elementor-element elementor-element-b8538c9 e-con-full e-flex e-con e-parent\" data-id=\"b8538c9\" data-element_type=\"container\">\n\t\t<div class=\"elementor-element elementor-element-c653c78 e-con-full e-flex e-con e-child\" data-id=\"c653c78\" data-element_type=\"container\">\n\t\t\t\t<\/div>\n\t\t<div class=\"elementor-element elementor-element-6806102 e-con-full e-flex e-con e-child\" data-id=\"6806102\" data-element_type=\"container\">\n\t\t\t\t<div class=\"elementor-element elementor-element-3b103d8 elementor-widget elementor-widget-video\" data-id=\"3b103d8\" data-element_type=\"widget\" data-settings=\"{&quot;youtube_url&quot;:&quot;https:\\\/\\\/www.youtube.com\\\/watch?v=WwUDyX7uSBA&amp;t=54s&quot;,&quot;loop&quot;:&quot;yes&quot;,&quot;video_type&quot;:&quot;youtube&quot;,&quot;controls&quot;:&quot;yes&quot;}\" data-widget_type=\"video.default\">\n\t\t\t\t<div class=\"elementor-widget-container\">\n\t\t\t\t\t\t\t<div class=\"elementor-wrapper elementor-open-inline\">\n\t\t\t<div class=\"elementor-video\"><\/div>\t\t<\/div>\n\t\t\t\t\t\t<\/div>\n\t\t\t\t<\/div>\n\t\t\t\t<\/div>\n\t\t<div class=\"elementor-element elementor-element-c653147 e-con-full e-flex e-con e-child\" data-id=\"c653147\" data-element_type=\"container\">\n\t\t\t\t<\/div>\n\t\t\t\t<\/div>\n\t\t\t\t<\/div>","protected":false},"excerpt":{"rendered":"<p>Nuestra Esencia Lefarc Nuestra historia Fundado en 1994, por la cuarta generaci\u00f3n de una familia apasionada y experta en el curtido de piel de res. Una tener\u00eda localizada en el centro del pa\u00eds; Le\u00f3n, Guanajuato. Especializada en el dise\u00f1o y producci\u00f3n de pieles premium con alto sentido ecol\u00f3gico, innovadoras y en tendencia para la industria [&hellip;]<\/p>","protected":false},"author":2,"featured_media":0,"parent":0,"menu_order":0,"comment_status":"closed","ping_status":"closed","template":"full-width.php","meta":{"_acf_changed":false,"footnotes":""},"class_list":["post-421","page","type-page","status-publish","hentry"],"acf":[],"_links":{"self":[{"href":"https:\/\/lefarc.com\/en\/wp-json\/wp\/v2\/pages\/421","targetHints":{"allow":["GET"]}}],"collection":[{"href":"https:\/\/lefarc.com\/en\/wp-json\/wp\/v2\/pages"}],"about":[{"href":"https:\/\/lefarc.com\/en\/wp-json\/wp\/v2\/types\/page"}],"author":[{"embeddable":true,"href":"https:\/\/lefarc.com\/en\/wp-json\/wp\/v2\/users\/2"}],"replies":[{"embeddable":true,"href":"https:\/\/lefarc.com\/en\/wp-json\/wp\/v2\/comments?post=421"}],"version-history":[{"count":151,"href":"https:\/\/lefarc.com\/en\/wp-json\/wp\/v2\/pages\/421\/revisions"}],"predecessor-version":[{"id":1526,"href":"https:\/\/lefarc.com\/en\/wp-json\/wp\/v2\/pages\/421\/revisions\/1526"}],"wp:attachment":[{"href":"https:\/\/lefarc.com\/en\/wp-json\/wp\/v2\/media?parent=421"}],"curies":[{"name":"wp","href":"https:\/\/api.w.org\/{rel}","templated":true}]}}