{"id":464,"date":"2025-05-27T12:55:36","date_gmt":"2025-05-27T18:55:36","guid":{"rendered":"https:\/\/lefarc.com\/?page_id=464"},"modified":"2026-03-19T12:38:15","modified_gmt":"2026-03-19T18:38:15","slug":"certificaciones","status":"publish","type":"page","link":"https:\/\/lefarc.com\/en\/certificaciones\/","title":{"rendered":"Certifications"},"content":{"rendered":"<div data-elementor-type=\"wp-page\" data-elementor-id=\"464\" class=\"elementor elementor-464\">\n\t\t\t\t<div class=\"elementor-element elementor-element-7d0b548 e-con-full e-flex e-con e-parent\" data-id=\"7d0b548\" data-element_type=\"container\" data-settings=\"{&quot;background_background&quot;:&quot;classic&quot;}\">\n\t\t<div class=\"elementor-element elementor-element-c996771 e-con-full e-flex e-con e-child\" data-id=\"c996771\" data-element_type=\"container\">\n\t\t\t\t<div class=\"elementor-element elementor-element-fdea8fc elementor-widget elementor-widget-text-editor\" data-id=\"fdea8fc\" data-element_type=\"widget\" data-widget_type=\"text-editor.default\">\n\t\t\t\t<div class=\"elementor-widget-container\">\n\t\t\t\t\t\t\t\t\t<p><span style=\"color: #000000;\"><a style=\"color: #000000;\" href=\"#\">Home<\/a><\/span> &#8211; <strong>Certifications<\/strong><\/p>\t\t\t\t\t\t\t\t<\/div>\n\t\t\t\t<\/div>\n\t\t\t\t<\/div>\n\t\t<div class=\"elementor-element elementor-element-3c220ac e-con-full e-flex e-con e-child\" data-id=\"3c220ac\" data-element_type=\"container\">\n\t\t\t\t<div class=\"elementor-element elementor-element-c91d614 elementor-widget elementor-widget-spacer\" data-id=\"c91d614\" data-element_type=\"widget\" data-widget_type=\"spacer.default\">\n\t\t\t\t<div class=\"elementor-widget-container\">\n\t\t\t\t\t\t\t<div class=\"elementor-spacer\">\n\t\t\t<div class=\"elementor-spacer-inner\"><\/div>\n\t\t<\/div>\n\t\t\t\t\t\t<\/div>\n\t\t\t\t<\/div>\n\t\t\t\t<\/div>\n\t\t\t\t<\/div>\n\t\t<div class=\"elementor-element elementor-element-074586b e-con-full e-flex e-con e-parent\" data-id=\"074586b\" data-element_type=\"container\" data-settings=\"{&quot;background_background&quot;:&quot;classic&quot;}\">\n\t\t<div class=\"elementor-element elementor-element-05bca7f e-con-full e-flex e-con e-child\" data-id=\"05bca7f\" data-element_type=\"container\">\n\t\t\t\t<div class=\"elementor-element elementor-element-8b05f24 elementor-widget elementor-widget-spacer\" data-id=\"8b05f24\" data-element_type=\"widget\" data-widget_type=\"spacer.default\">\n\t\t\t\t<div class=\"elementor-widget-container\">\n\t\t\t\t\t\t\t<div class=\"elementor-spacer\">\n\t\t\t<div class=\"elementor-spacer-inner\"><\/div>\n\t\t<\/div>\n\t\t\t\t\t\t<\/div>\n\t\t\t\t<\/div>\n\t\t\t\t<div class=\"elementor-element elementor-element-fa5d83b elementor-widget elementor-widget-text-editor\" data-id=\"fa5d83b\" data-element_type=\"widget\" data-widget_type=\"text-editor.default\">\n\t\t\t\t<div class=\"elementor-widget-container\">\n\t\t\t\t\t\t\t\t\t<p>Certifications<\/p>\t\t\t\t\t\t\t\t<\/div>\n\t\t\t\t<\/div>\n\t\t\t\t<\/div>\n\t\t<div class=\"elementor-element elementor-element-dfb5015 e-con-full e-flex e-con e-child\" data-id=\"dfb5015\" data-element_type=\"container\">\n\t\t\t\t<div class=\"elementor-element elementor-element-22e7dc0 elementor-widget elementor-widget-spacer\" data-id=\"22e7dc0\" data-element_type=\"widget\" data-widget_type=\"spacer.default\">\n\t\t\t\t<div class=\"elementor-widget-container\">\n\t\t\t\t\t\t\t<div class=\"elementor-spacer\">\n\t\t\t<div class=\"elementor-spacer-inner\"><\/div>\n\t\t<\/div>\n\t\t\t\t\t\t<\/div>\n\t\t\t\t<\/div>\n\t\t\t\t<div class=\"elementor-element elementor-element-8af860e elementor-widget elementor-widget-text-editor\" data-id=\"8af860e\" data-element_type=\"widget\" data-widget_type=\"text-editor.default\">\n\t\t\t\t<div class=\"elementor-widget-container\">\n\t\t\t\t\t\t\t\t\t<p>At Lefarc, we work with the conviction that excellence must be verifiable. Our processes, products, and policies are supported by international certifications that guarantee our quality, environmental responsibility, traceability, and ethical approach throughout the supply chain.<\/p><p>These certifications not only affirm our commitment to sustainability and transparency but also enable us to operate under the highest global standards\u2014providing confidence to our customers and business partners worldwide.<\/p>\t\t\t\t\t\t\t\t<\/div>\n\t\t\t\t<\/div>\n\t\t\t\t<div class=\"elementor-element elementor-element-22238f5 elementor-widget elementor-widget-text-editor\" data-id=\"22238f5\" data-element_type=\"widget\" data-widget_type=\"text-editor.default\">\n\t\t\t\t<div class=\"elementor-widget-container\">\n\t\t\t\t\t\t\t\t\t<p>In 2008, we became the first tannery in Mexico to earn a Gold Medal from the Leather Working Group, a distinction we proudly maintain. We are also the only tannery in Mexico with a SATRA-accredited laboratory, allowing us to offer our customers accurate and meaningful testing data through reliable evaluations.<\/p><p><strong>We have been ISO 9001 certified since 2014, and in 2019, we received the Socially Responsible Company distinction.<\/strong><\/p>\t\t\t\t\t\t\t\t<\/div>\n\t\t\t\t<\/div>\n\t\t\t\t<\/div>\n\t\t\t\t<\/div>\n\t\t<div class=\"elementor-element elementor-element-9d5ac3a e-con-full e-flex e-con e-parent\" data-id=\"9d5ac3a\" data-element_type=\"container\" data-settings=\"{&quot;background_background&quot;:&quot;classic&quot;}\">\n\t\t<div class=\"elementor-element elementor-element-3ef166e e-con-full e-flex e-con e-child\" data-id=\"3ef166e\" data-element_type=\"container\">\n\t\t\t\t<div class=\"elementor-element elementor-element-dfb1194 elementor-widget elementor-widget-text-editor\" data-id=\"dfb1194\" data-element_type=\"widget\" data-widget_type=\"text-editor.default\">\n\t\t\t\t<div class=\"elementor-widget-container\">\n\t\t\t\t\t\t\t\t\tGold rated\t\t\t\t\t\t\t\t<\/div>\n\t\t\t\t<\/div>\n\t\t\t\t<div class=\"elementor-element elementor-element-852e421 elementor-widget elementor-widget-spacer\" data-id=\"852e421\" data-element_type=\"widget\" data-widget_type=\"spacer.default\">\n\t\t\t\t<div class=\"elementor-widget-container\">\n\t\t\t\t\t\t\t<div class=\"elementor-spacer\">\n\t\t\t<div class=\"elementor-spacer-inner\"><\/div>\n\t\t<\/div>\n\t\t\t\t\t\t<\/div>\n\t\t\t\t<\/div>\n\t\t\t\t<div class=\"elementor-element elementor-element-d8e26fc elementor-widget elementor-widget-button\" data-id=\"d8e26fc\" data-element_type=\"widget\" data-widget_type=\"button.default\">\n\t\t\t\t<div class=\"elementor-widget-container\">\n\t\t\t\t\t\t\t\t\t<div class=\"elementor-button-wrapper\">\n\t\t\t\t\t<a class=\"elementor-button elementor-button-link elementor-size-sm elementor-animation-float\" href=\"https:\/\/lefarc.com\/wp-content\/uploads\/2026\/03\/FAR003-Certificate.pdf\" target=\"_blank\">\n\t\t\t\t\t\t<span class=\"elementor-button-content-wrapper\">\n\t\t\t\t\t\t\t\t\t<span class=\"elementor-button-text\">SEE CERTIFICATE<\/span>\n\t\t\t\t\t<\/span>\n\t\t\t\t\t<\/a>\n\t\t\t\t<\/div>\n\t\t\t\t\t\t\t\t<\/div>\n\t\t\t\t<\/div>\n\t\t\t\t<\/div>\n\t\t<div class=\"elementor-element elementor-element-3daa634 e-con-full e-flex e-con e-child\" data-id=\"3daa634\" data-element_type=\"container\">\n\t\t\t\t<div class=\"elementor-element elementor-element-3a12b18 elementor-widget elementor-widget-image\" data-id=\"3a12b18\" data-element_type=\"widget\" data-widget_type=\"image.default\">\n\t\t\t\t<div class=\"elementor-widget-container\">\n\t\t\t\t\t\t\t\t\t\t\t\t\t\t\t<img fetchpriority=\"high\" decoding=\"async\" width=\"632\" height=\"594\" src=\"https:\/\/lefarc.com\/wp-content\/uploads\/2025\/05\/LWG.png\" class=\"elementor-animation-float attachment-full size-full wp-image-722\" alt=\"\" srcset=\"https:\/\/lefarc.com\/wp-content\/uploads\/2025\/05\/LWG.png 632w, https:\/\/lefarc.com\/wp-content\/uploads\/2025\/05\/LWG-300x282.png 300w\" sizes=\"(max-width: 632px) 100vw, 632px\" \/>\t\t\t\t\t\t\t\t\t\t\t\t\t\t\t<\/div>\n\t\t\t\t<\/div>\n\t\t\t\t<\/div>\n\t\t\t\t<\/div>\n\t\t<div class=\"elementor-element elementor-element-3d15fa7 e-con-full e-flex e-con e-parent\" data-id=\"3d15fa7\" data-element_type=\"container\" data-settings=\"{&quot;background_background&quot;:&quot;classic&quot;}\">\n\t\t<div class=\"elementor-element elementor-element-92880d0 e-con-full e-flex e-con e-child\" data-id=\"92880d0\" data-element_type=\"container\">\n\t\t\t\t<div class=\"elementor-element elementor-element-dd6136e elementor-widget elementor-widget-text-editor\" data-id=\"dd6136e\" data-element_type=\"widget\" data-widget_type=\"text-editor.default\">\n\t\t\t\t<div class=\"elementor-widget-container\">\n\t\t\t\t\t\t\t\t\tSatra\t\t\t\t\t\t\t\t<\/div>\n\t\t\t\t<\/div>\n\t\t\t\t<div class=\"elementor-element elementor-element-aa57c5c elementor-widget elementor-widget-spacer\" data-id=\"aa57c5c\" data-element_type=\"widget\" data-widget_type=\"spacer.default\">\n\t\t\t\t<div class=\"elementor-widget-container\">\n\t\t\t\t\t\t\t<div class=\"elementor-spacer\">\n\t\t\t<div class=\"elementor-spacer-inner\"><\/div>\n\t\t<\/div>\n\t\t\t\t\t\t<\/div>\n\t\t\t\t<\/div>\n\t\t\t\t<div class=\"elementor-element elementor-element-cd3d92d elementor-widget elementor-widget-button\" data-id=\"cd3d92d\" data-element_type=\"widget\" data-widget_type=\"button.default\">\n\t\t\t\t<div class=\"elementor-widget-container\">\n\t\t\t\t\t\t\t\t\t<div class=\"elementor-button-wrapper\">\n\t\t\t\t\t<a class=\"elementor-button elementor-button-link elementor-size-sm elementor-animation-float\" href=\"https:\/\/lefarc.com\/wp-content\/uploads\/2026\/03\/Lab-Certificate-2025.pdf\" target=\"_blank\">\n\t\t\t\t\t\t<span class=\"elementor-button-content-wrapper\">\n\t\t\t\t\t\t\t\t\t<span class=\"elementor-button-text\">SEE CERTIFICATE<\/span>\n\t\t\t\t\t<\/span>\n\t\t\t\t\t<\/a>\n\t\t\t\t<\/div>\n\t\t\t\t\t\t\t\t<\/div>\n\t\t\t\t<\/div>\n\t\t\t\t<\/div>\n\t\t<div class=\"elementor-element elementor-element-768d153 e-con-full e-flex e-con e-child\" data-id=\"768d153\" data-element_type=\"container\">\n\t\t\t\t<div class=\"elementor-element elementor-element-564dcac elementor-widget elementor-widget-image\" data-id=\"564dcac\" data-element_type=\"widget\" data-widget_type=\"image.default\">\n\t\t\t\t<div class=\"elementor-widget-container\">\n\t\t\t\t\t\t\t\t\t\t\t\t\t\t\t<img decoding=\"async\" width=\"631\" height=\"594\" src=\"https:\/\/lefarc.com\/wp-content\/uploads\/2025\/05\/SATRA.png\" class=\"elementor-animation-float attachment-full size-full wp-image-723\" alt=\"\" srcset=\"https:\/\/lefarc.com\/wp-content\/uploads\/2025\/05\/SATRA.png 631w, https:\/\/lefarc.com\/wp-content\/uploads\/2025\/05\/SATRA-300x282.png 300w\" sizes=\"(max-width: 631px) 100vw, 631px\" \/>\t\t\t\t\t\t\t\t\t\t\t\t\t\t\t<\/div>\n\t\t\t\t<\/div>\n\t\t\t\t<\/div>\n\t\t\t\t<\/div>\n\t\t<div class=\"elementor-element elementor-element-9d7608b e-con-full e-flex e-con e-parent\" data-id=\"9d7608b\" data-element_type=\"container\" data-settings=\"{&quot;background_background&quot;:&quot;classic&quot;}\">\n\t\t<div class=\"elementor-element elementor-element-e1c859f e-con-full e-flex e-con e-child\" data-id=\"e1c859f\" data-element_type=\"container\">\n\t\t\t\t<div class=\"elementor-element elementor-element-2d676ea elementor-widget elementor-widget-text-editor\" data-id=\"2d676ea\" data-element_type=\"widget\" data-widget_type=\"text-editor.default\">\n\t\t\t\t<div class=\"elementor-widget-container\">\n\t\t\t\t\t\t\t\t\tESR\t\t\t\t\t\t\t\t<\/div>\n\t\t\t\t<\/div>\n\t\t\t\t<div class=\"elementor-element elementor-element-dfd8cc2 elementor-widget elementor-widget-spacer\" data-id=\"dfd8cc2\" data-element_type=\"widget\" data-widget_type=\"spacer.default\">\n\t\t\t\t<div class=\"elementor-widget-container\">\n\t\t\t\t\t\t\t<div class=\"elementor-spacer\">\n\t\t\t<div class=\"elementor-spacer-inner\"><\/div>\n\t\t<\/div>\n\t\t\t\t\t\t<\/div>\n\t\t\t\t<\/div>\n\t\t\t\t<div class=\"elementor-element elementor-element-d376353 elementor-widget-divider--view-line elementor-widget elementor-widget-divider\" data-id=\"d376353\" data-element_type=\"widget\" data-widget_type=\"divider.default\">\n\t\t\t\t<div class=\"elementor-widget-container\">\n\t\t\t\t\t\t\t<div class=\"elementor-divider\">\n\t\t\t<span class=\"elementor-divider-separator\">\n\t\t\t\t\t\t<\/span>\n\t\t<\/div>\n\t\t\t\t\t\t<\/div>\n\t\t\t\t<\/div>\n\t\t\t\t<\/div>\n\t\t<div class=\"elementor-element elementor-element-20c50cd e-con-full e-flex e-con e-child\" data-id=\"20c50cd\" data-element_type=\"container\">\n\t\t\t\t<div class=\"elementor-element elementor-element-60186df elementor-widget elementor-widget-image\" data-id=\"60186df\" data-element_type=\"widget\" data-widget_type=\"image.default\">\n\t\t\t\t<div class=\"elementor-widget-container\">\n\t\t\t\t\t\t\t\t\t\t\t\t\t\t\t<img decoding=\"async\" width=\"631\" height=\"594\" src=\"https:\/\/lefarc.com\/wp-content\/uploads\/2025\/05\/ESR.png\" class=\"elementor-animation-float attachment-full size-full wp-image-724\" alt=\"\" srcset=\"https:\/\/lefarc.com\/wp-content\/uploads\/2025\/05\/ESR.png 631w, https:\/\/lefarc.com\/wp-content\/uploads\/2025\/05\/ESR-300x282.png 300w\" sizes=\"(max-width: 631px) 100vw, 631px\" \/>\t\t\t\t\t\t\t\t\t\t\t\t\t\t\t<\/div>\n\t\t\t\t<\/div>\n\t\t\t\t<\/div>\n\t\t\t\t<\/div>\n\t\t<div class=\"elementor-element elementor-element-690ad81 e-con-full e-flex e-con e-parent\" data-id=\"690ad81\" data-element_type=\"container\" data-settings=\"{&quot;background_background&quot;:&quot;classic&quot;}\">\n\t\t<div class=\"elementor-element elementor-element-8815e7c e-con-full e-flex e-con e-child\" data-id=\"8815e7c\" data-element_type=\"container\">\n\t\t\t\t<div class=\"elementor-element elementor-element-1bdba5f elementor-widget elementor-widget-text-editor\" data-id=\"1bdba5f\" data-element_type=\"widget\" data-widget_type=\"text-editor.default\">\n\t\t\t\t<div class=\"elementor-widget-container\">\n\t\t\t\t\t\t\t\t\t<p>ISO<\/p>\t\t\t\t\t\t\t\t<\/div>\n\t\t\t\t<\/div>\n\t\t\t\t<div class=\"elementor-element elementor-element-0d87b73 elementor-widget elementor-widget-spacer\" data-id=\"0d87b73\" data-element_type=\"widget\" data-widget_type=\"spacer.default\">\n\t\t\t\t<div class=\"elementor-widget-container\">\n\t\t\t\t\t\t\t<div class=\"elementor-spacer\">\n\t\t\t<div class=\"elementor-spacer-inner\"><\/div>\n\t\t<\/div>\n\t\t\t\t\t\t<\/div>\n\t\t\t\t<\/div>\n\t\t\t\t<div class=\"elementor-element elementor-element-3e10259 elementor-widget elementor-widget-button\" data-id=\"3e10259\" data-element_type=\"widget\" data-widget_type=\"button.default\">\n\t\t\t\t<div class=\"elementor-widget-container\">\n\t\t\t\t\t\t\t\t\t<div class=\"elementor-button-wrapper\">\n\t\t\t\t\t<a class=\"elementor-button elementor-button-link elementor-size-sm elementor-animation-float\" href=\"https:\/\/lefarc.com\/wp-content\/uploads\/2025\/05\/ISO-9001-LEFARC.pdf\" target=\"_blank\">\n\t\t\t\t\t\t<span class=\"elementor-button-content-wrapper\">\n\t\t\t\t\t\t\t\t\t<span class=\"elementor-button-text\">SEE CERTIFICATE<\/span>\n\t\t\t\t\t<\/span>\n\t\t\t\t\t<\/a>\n\t\t\t\t<\/div>\n\t\t\t\t\t\t\t\t<\/div>\n\t\t\t\t<\/div>\n\t\t\t\t<\/div>\n\t\t<div class=\"elementor-element elementor-element-db74f9f e-con-full e-flex e-con e-child\" data-id=\"db74f9f\" data-element_type=\"container\">\n\t\t\t\t<div class=\"elementor-element elementor-element-ac6712b elementor-widget elementor-widget-image\" data-id=\"ac6712b\" data-element_type=\"widget\" data-widget_type=\"image.default\">\n\t\t\t\t<div class=\"elementor-widget-container\">\n\t\t\t\t\t\t\t\t\t\t\t\t\t\t\t<img loading=\"lazy\" decoding=\"async\" width=\"631\" height=\"594\" src=\"https:\/\/lefarc.com\/wp-content\/uploads\/2025\/05\/ISO.png\" class=\"elementor-animation-float attachment-full size-full wp-image-725\" alt=\"\" srcset=\"https:\/\/lefarc.com\/wp-content\/uploads\/2025\/05\/ISO.png 631w, https:\/\/lefarc.com\/wp-content\/uploads\/2025\/05\/ISO-300x282.png 300w\" sizes=\"(max-width: 631px) 100vw, 631px\" \/>\t\t\t\t\t\t\t\t\t\t\t\t\t\t\t<\/div>\n\t\t\t\t<\/div>\n\t\t\t\t<\/div>\n\t\t\t\t<\/div>\n\t\t<div class=\"elementor-element elementor-element-4551690 e-con-full e-flex e-con e-parent\" data-id=\"4551690\" data-element_type=\"container\" data-settings=\"{&quot;background_background&quot;:&quot;classic&quot;}\">\n\t\t<div class=\"elementor-element elementor-element-173f081 e-con-full e-flex e-con e-child\" data-id=\"173f081\" data-element_type=\"container\">\n\t\t\t\t<div class=\"elementor-element elementor-element-50a27a0 elementor-widget elementor-widget-text-editor\" data-id=\"50a27a0\" data-element_type=\"widget\" data-widget_type=\"text-editor.default\">\n\t\t\t\t<div class=\"elementor-widget-container\">\n\t\t\t\t\t\t\t\t\tCTPAT\t\t\t\t\t\t\t\t<\/div>\n\t\t\t\t<\/div>\n\t\t\t\t<div class=\"elementor-element elementor-element-b0cfdde elementor-widget elementor-widget-spacer\" data-id=\"b0cfdde\" data-element_type=\"widget\" data-widget_type=\"spacer.default\">\n\t\t\t\t<div class=\"elementor-widget-container\">\n\t\t\t\t\t\t\t<div class=\"elementor-spacer\">\n\t\t\t<div class=\"elementor-spacer-inner\"><\/div>\n\t\t<\/div>\n\t\t\t\t\t\t<\/div>\n\t\t\t\t<\/div>\n\t\t\t\t<div class=\"elementor-element elementor-element-6d4c1d6 elementor-widget-divider--view-line elementor-widget elementor-widget-divider\" data-id=\"6d4c1d6\" data-element_type=\"widget\" data-widget_type=\"divider.default\">\n\t\t\t\t<div class=\"elementor-widget-container\">\n\t\t\t\t\t\t\t<div class=\"elementor-divider\">\n\t\t\t<span class=\"elementor-divider-separator\">\n\t\t\t\t\t\t<\/span>\n\t\t<\/div>\n\t\t\t\t\t\t<\/div>\n\t\t\t\t<\/div>\n\t\t\t\t<\/div>\n\t\t<div class=\"elementor-element elementor-element-cffe330 e-con-full e-flex e-con e-child\" data-id=\"cffe330\" data-element_type=\"container\">\n\t\t\t\t<div class=\"elementor-element elementor-element-3ecccc1 elementor-widget elementor-widget-image\" data-id=\"3ecccc1\" data-element_type=\"widget\" data-widget_type=\"image.default\">\n\t\t\t\t<div class=\"elementor-widget-container\">\n\t\t\t\t\t\t\t\t\t\t\t\t\t\t\t<img loading=\"lazy\" decoding=\"async\" width=\"631\" height=\"594\" src=\"https:\/\/lefarc.com\/wp-content\/uploads\/2025\/05\/CTPAT.png\" class=\"elementor-animation-float attachment-full size-full wp-image-728\" alt=\"\" srcset=\"https:\/\/lefarc.com\/wp-content\/uploads\/2025\/05\/CTPAT.png 631w, https:\/\/lefarc.com\/wp-content\/uploads\/2025\/05\/CTPAT-300x282.png 300w\" sizes=\"(max-width: 631px) 100vw, 631px\" \/>\t\t\t\t\t\t\t\t\t\t\t\t\t\t\t<\/div>\n\t\t\t\t<\/div>\n\t\t\t\t<\/div>\n\t\t\t\t<\/div>\n\t\t\t\t<\/div>","protected":false},"excerpt":{"rendered":"<p>Inicio &#8211; Certificaciones Certificaciones En Lefarc, trabajamos con la convicci\u00f3n de que la excelencia debe ser comprobable. Por eso, nuestros procesos, productos y pol\u00edticas est\u00e1n avalados por certificaciones internacionales que garantizan nuestra calidad, responsabilidad ambiental, trazabilidad y \u00e9tica en la cadena de suministro. Estas certificaciones no solo respaldan nuestro compromiso con la sostenibilidad y la [&hellip;]<\/p>","protected":false},"author":2,"featured_media":0,"parent":0,"menu_order":0,"comment_status":"closed","ping_status":"closed","template":"elementor_header_footer","meta":{"_acf_changed":false,"footnotes":""},"class_list":["post-464","page","type-page","status-publish","hentry"],"acf":[],"_links":{"self":[{"href":"https:\/\/lefarc.com\/en\/wp-json\/wp\/v2\/pages\/464","targetHints":{"allow":["GET"]}}],"collection":[{"href":"https:\/\/lefarc.com\/en\/wp-json\/wp\/v2\/pages"}],"about":[{"href":"https:\/\/lefarc.com\/en\/wp-json\/wp\/v2\/types\/page"}],"author":[{"embeddable":true,"href":"https:\/\/lefarc.com\/en\/wp-json\/wp\/v2\/users\/2"}],"replies":[{"embeddable":true,"href":"https:\/\/lefarc.com\/en\/wp-json\/wp\/v2\/comments?post=464"}],"version-history":[{"count":58,"href":"https:\/\/lefarc.com\/en\/wp-json\/wp\/v2\/pages\/464\/revisions"}],"predecessor-version":[{"id":1542,"href":"https:\/\/lefarc.com\/en\/wp-json\/wp\/v2\/pages\/464\/revisions\/1542"}],"wp:attachment":[{"href":"https:\/\/lefarc.com\/en\/wp-json\/wp\/v2\/media?parent=464"}],"curies":[{"name":"wp","href":"https:\/\/api.w.org\/{rel}","templated":true}]}}